{"id":16941,"date":"2020-03-02T10:27:05","date_gmt":"2020-03-02T10:27:05","guid":{"rendered":"https:\/\/demo38.houzez.co\/?page_id=16941"},"modified":"2025-01-01T18:05:16","modified_gmt":"2025-01-01T18:05:16","slug":"contact","status":"publish","type":"page","link":"https:\/\/prestige-et-immobilier.com\/fr\/contact\/","title":{"rendered":"Contact"},"content":{"rendered":"<div data-elementor-type=\"wp-page\" data-elementor-id=\"16941\" class=\"elementor elementor-16941\">\n\t\t\t\t<div class=\"elementor-element elementor-element-b7c8cb6 e-flex e-con-boxed e-con e-parent\" data-id=\"b7c8cb6\" data-element_type=\"container\" data-settings=\"{&quot;background_background&quot;:&quot;classic&quot;}\">\n\t\t\t\t\t<div class=\"e-con-inner\">\n\t\t\t\t<div class=\"elementor-element elementor-element-ed30f2f elementor-widget elementor-widget-spacer\" data-id=\"ed30f2f\" data-element_type=\"widget\" data-widget_type=\"spacer.default\">\n\t\t\t\t<div class=\"elementor-widget-container\">\n\t\t\t\t\t\t\t<div class=\"elementor-spacer\">\n\t\t\t<div class=\"elementor-spacer-inner\"><\/div>\n\t\t<\/div>\n\t\t\t\t\t\t<\/div>\n\t\t\t\t<\/div>\n\t\t<div class=\"elementor-element elementor-element-62d67e7 e-con-full e-flex e-con e-child\" data-id=\"62d67e7\" data-element_type=\"container\">\n\t\t<div class=\"elementor-element elementor-element-94b6a23 e-grid e-con-full e-con e-child\" data-id=\"94b6a23\" data-element_type=\"container\">\n\t\t<div class=\"elementor-element elementor-element-f66d640 e-con-full e-flex e-con e-child\" data-id=\"f66d640\" data-element_type=\"container\">\n\t\t<div class=\"elementor-element elementor-element-493c285 e-con-full e-flex e-con e-child\" data-id=\"493c285\" data-element_type=\"container\">\n\t\t\t\t<div class=\"elementor-element elementor-element-5fbaf1c animated-fast elementor-view-default elementor-invisible elementor-widget elementor-widget-icon\" data-id=\"5fbaf1c\" data-element_type=\"widget\" data-settings=\"{&quot;_animation&quot;:&quot;fadeInUp&quot;}\" data-widget_type=\"icon.default\">\n\t\t\t\t<div class=\"elementor-widget-container\">\n\t\t\t\t\t\t\t<div class=\"elementor-icon-wrapper\">\n\t\t\t<div class=\"elementor-icon\">\n\t\t\t<svg xmlns=\"http:\/\/www.w3.org\/2000\/svg\" xmlns:xlink=\"http:\/\/www.w3.org\/1999\/xlink\" width=\"588px\" height=\"588px\" viewbox=\"0 0 588 588\"><title>Group 3<\/title><defs><polygon id=\"path-1\" points=\"0 0 587.2285 0 587.2285 587.2289 0 587.2289\"><\/polygon><\/defs><g id=\"Page-1\" stroke=\"none\" stroke-width=\"1\" fill=\"none\" fill-rule=\"evenodd\"><g id=\"Group-3\"><mask id=\"mask-2\" fill=\"white\"><use xlink:href=\"#path-1\"><\/use><\/mask><g id=\"Clip-2\"><\/g><path d=\"M426.043,146.7979 C445.45,127.1769 445.653,95.4109 426.071,75.8289 L387.598,37.3589 L365.74,57.7959 L351.399,43.4469 L388.065,9.1749 L440.402,61.5019 C457.926,79.0229 464.826,104.3229 458.969,128.2629 C482.853,122.4129 508.27,129.3099 525.752,146.7909 L581.397,202.4329 C550.927,232.9059 520.461,263.3759 489.991,293.8459 L516.089,321.7659 L501.744,336.1109 L461.8,293.3789 C492.092,263.0839 522.384,232.7889 552.679,202.4969 L511.371,161.1889 C492.006,141.8209 460.379,141.6429 440.815,160.8049 L350.645,250.9149 L378.949,279.2229 L446.013,212.1599 C462.44,195.7319 489.35,195.7319 505.778,212.1599 L517.231,223.6129 L502.841,238.0039 L491.39,226.5509 C482.856,218.0169 468.935,218.0199 460.404,226.5469 L393.341,293.6109 L460.404,360.6739 C464.659,364.9289 470.281,367.0579 475.899,367.0579 C481.507,367.0789 487.125,364.9399 491.39,360.6739 C513.789,338.2759 536.102,315.9629 558.454,293.6109 L531.502,266.6619 L545.893,252.2749 L587.229,293.6109 C560.081,320.7619 532.929,347.9139 505.778,375.0619 C489.35,391.4929 462.444,391.4929 446.013,375.0659 L378.949,308.0019 L350.645,336.3109 C380.658,366.3249 411.015,396.2819 440.808,426.4129 C460.336,445.5329 492.06,445.4039 511.396,426.0709 L549.87,387.5939 L529.437,365.7369 L543.778,351.3919 L578.057,388.0609 L525.727,440.4019 C508.206,457.9229 482.902,464.8229 458.969,458.9659 C464.815,482.8529 457.919,508.2669 440.438,525.7479 L384.796,581.3899 C354.322,550.9229 323.853,520.4579 293.383,489.9879 L265.462,516.0859 L251.117,501.7399 L293.849,461.7929 C324.145,492.0849 354.44,522.3799 384.731,552.6749 L426.039,511.3679 C445.408,491.9989 445.586,460.3759 426.424,440.8079 C396.281,411.0039 366.332,380.6589 336.314,350.6369 L308.005,378.9459 L375.069,446.0129 C391.496,462.4369 391.496,489.3469 375.069,505.7779 L363.619,517.2279 L349.228,502.8369 L360.678,491.3869 C364.943,487.1219 367.083,481.5029 367.09,475.8959 C367.065,470.2769 364.933,464.6519 360.681,460.4009 L293.618,393.3369 L226.554,460.4009 C218.041,468.9139 218.038,482.8699 226.554,491.3829 C248.889,513.7209 271.259,536.0909 293.618,558.4499 L320.563,531.4979 L334.954,545.8859 L293.618,587.2289 C266.466,560.0779 239.318,532.9229 212.163,505.7779 C195.739,489.3429 195.735,462.4369 212.163,446.0129 L279.231,378.9499 L250.922,350.6369 L160.815,440.8009 C141.696,460.3329 141.824,492.0599 161.157,511.3929 L199.634,549.8629 L221.491,529.4299 L235.836,543.7779 L199.164,578.0539 L146.826,525.7229 C129.306,508.2029 122.406,482.8989 128.263,458.9659 C104.376,464.8119 78.962,457.9159 61.481,440.4339 L5.839,384.7889 C36.305,354.3189 66.774,323.8529 97.237,293.3789 L71.144,265.4619 L85.488,251.1179 L125.436,293.8419 C95.144,324.1409 64.849,354.4369 34.553,384.7279 L75.861,426.0359 C95.23,445.4039 126.853,445.5829 146.421,426.4209 L236.591,336.3109 L208.282,308.0019 L141.219,375.0659 C124.791,391.4929 97.882,391.4929 81.45,375.0619 L70,363.6149 L84.392,349.2239 L95.842,360.6739 C104.376,369.2119 118.294,369.2119 126.828,360.6739 L193.891,293.6109 L126.828,226.5469 C118.315,218.0379 104.361,218.0339 95.845,226.5469 C73.507,248.8889 51.138,271.2549 28.782,293.6109 L55.731,320.5589 L41.343,334.9539 L0,293.6109 C27.151,266.4629 54.306,239.3149 81.45,212.1599 C97.885,195.7359 124.788,195.7319 141.219,212.1599 L208.279,279.2229 L236.591,250.9149 L146.802,161.1889 C137.487,151.7719 124.542,146.5629 111.333,146.5629 C98.438,146.5629 85.563,151.4299 75.836,161.1529 L37.366,199.6299 L57.799,221.4879 L43.45,235.8329 L9.175,199.1639 L61.502,146.8299 C74.757,133.5749 92.598,126.2229 111.333,126.2229 C117.023,126.2229 122.712,126.9019 128.263,128.2629 C122.417,104.3789 129.313,78.9589 146.794,61.4769 L202.44,5.8349 C232.909,36.3009 263.376,66.7679 293.849,97.2369 L321.77,71.1399 L336.114,85.4839 L293.383,125.4289 C263.087,95.1369 232.792,64.8449 202.5,34.5499 L161.192,75.8609 C141.824,95.2219 141.646,126.8489 160.811,146.4139 L250.922,236.5839 L279.227,208.2789 L212.163,141.2149 C195.739,124.7879 195.739,97.8789 212.163,81.4509 L223.617,69.9969 L238.004,84.3879 L226.554,95.8379 C218.02,104.3729 218.02,118.2939 226.554,126.8239 L293.618,193.8879 L360.681,126.8239 C369.194,118.3119 369.198,104.3579 360.678,95.8379 C338.34,73.5039 315.974,51.1339 293.618,28.7749 L266.665,55.7269 L252.274,41.3359 L293.618,-0.0001 C320.766,27.1479 347.917,54.2989 375.069,81.4509 C391.496,97.8789 391.5,124.7839 375.069,141.2149 L308.005,208.2789 L336.314,236.5839 L426.043,146.7979 Z M364.562,293.6109 L293.618,222.6669 L222.67,293.6109 L293.618,364.5589 L364.562,293.6109 Z\" id=\"Fill-1\" fill=\"#D4AF37\" mask=\"url(#mask-2)\"><\/path><\/g><\/g><\/svg>\t\t\t<\/div>\n\t\t<\/div>\n\t\t\t\t\t\t<\/div>\n\t\t\t\t<\/div>\n\t\t\t\t<div class=\"elementor-element elementor-element-b6c8014 animated-fast elementor-invisible elementor-widget elementor-widget-heading\" data-id=\"b6c8014\" data-element_type=\"widget\" data-settings=\"{&quot;_animation&quot;:&quot;fadeInUp&quot;,&quot;_animation_delay&quot;:200}\" data-widget_type=\"heading.default\">\n\t\t\t\t<div class=\"elementor-widget-container\">\n\t\t\t\t\t<h2 class=\"elementor-heading-title elementor-size-default\">Contactez nous<\/h2>\t\t\t\t<\/div>\n\t\t\t\t<\/div>\n\t\t\t\t<div class=\"elementor-element elementor-element-18b9d67 animated-fast elementor-invisible elementor-widget elementor-widget-text-editor\" data-id=\"18b9d67\" data-element_type=\"widget\" data-settings=\"{&quot;_animation&quot;:&quot;fadeInUp&quot;,&quot;_animation_delay&quot;:600}\" data-widget_type=\"text-editor.default\">\n\t\t\t\t<div class=\"elementor-widget-container\">\n\t\t\t\t\t\t\t\t\t<p>D\u00e9couvrez comment nos propri\u00e9t\u00e9s de luxe in\u00e9gal\u00e9es peuvent sublimer votre mode de vie. Contactez-nous pour plus d'informations ou pour planifier une visite priv\u00e9e.<\/p>\t\t\t\t\t\t\t\t<\/div>\n\t\t\t\t<\/div>\n\t\t\t\t<\/div>\n\t\t<div class=\"elementor-element elementor-element-a2ee9c5 e-con-full e-flex e-con e-child\" data-id=\"a2ee9c5\" data-element_type=\"container\">\n\t\t\t\t<div class=\"elementor-element elementor-element-85f1c47 animated-fast elementor-invisible elementor-widget elementor-widget-heading\" data-id=\"85f1c47\" data-element_type=\"widget\" data-settings=\"{&quot;_animation&quot;:&quot;fadeInUp&quot;}\" data-widget_type=\"heading.default\">\n\t\t\t\t<div class=\"elementor-widget-container\">\n\t\t\t\t\t<h2 class=\"elementor-heading-title elementor-size-default\">Phone<\/h2>\t\t\t\t<\/div>\n\t\t\t\t<\/div>\n\t\t\t\t<div class=\"elementor-element elementor-element-ef08bf9 animated-fast elementor-icon-list--layout-traditional elementor-list-item-link-full_width elementor-invisible elementor-widget elementor-widget-icon-list\" data-id=\"ef08bf9\" data-element_type=\"widget\" data-settings=\"{&quot;_animation&quot;:&quot;fadeInUp&quot;,&quot;_animation_delay&quot;:200}\" data-widget_type=\"icon-list.default\">\n\t\t\t\t<div class=\"elementor-widget-container\">\n\t\t\t\t\t\t\t<ul class=\"elementor-icon-list-items\">\n\t\t\t\t\t\t\t<li class=\"elementor-icon-list-item\">\n\t\t\t\t\t\t\t\t\t\t\t<span class=\"elementor-icon-list-icon\">\n\t\t\t\t\t\t\t<svg xmlns=\"http:\/\/www.w3.org\/2000\/svg\" viewbox=\"0 0 24 24\" id=\"Phone-Circle--Streamline-Streamline--3.0.svg\"><path d=\"M11.328 0.025752C8.435232000000001 0.192912 5.692584 1.4014080000000002 3.626592 3.4192080000000002C1.56552 5.432256 0.349992 7.9724639999999996 0.043128 10.908C-0.004104 11.359896 0.00372 12.764784 0.056063999999999996 13.224C0.290112 15.278160000000002 0.934752 17.060351999999998 2.039664 18.708000000000002C2.554368 19.475544 3.0814800000000004 20.09472 3.7800000000000002 20.75232C4.318416 21.259176 4.773936 21.620928 5.3709359999999995 22.015800000000002C7.073016 23.141544 8.982096 23.805623999999998 11.004 23.975328C11.453352 24.013056 12.719784 24.005904 13.177512 23.963088C14.541672 23.835456 15.674088 23.484504 16.518743999999998 22.927560000000003C17.441736000000002 22.318968 18.022992 21.493128000000002 18.240792 20.480976000000002C18.306216 20.176920000000003 18.331704000000002 19.45572 18.289224 19.111224C18.261336 18.885144 18.164640000000002 18.388488000000002 18.133296 18.310344C18.122424 18.283224 18.173928 18.228888 18.317088000000002 18.116424000000002C18.572232 17.915952 19.083096 17.42436 19.254216 17.214624C19.428312000000002 17.001216 19.544688 16.784328 19.611864 16.548000000000002C19.682232 16.300464 19.688544 15.815136000000003 19.62444 15.583152C19.498488000000002 15.127584 19.440672 15.05664 18.139584000000003 13.762152C17.063472 12.691464000000002 16.993872 12.62712 16.810632 12.533351999999999C16.511616 12.380328 16.291248 12.328344000000001 15.948 12.329808C15.489504 12.331776 15.15072 12.447552000000002 14.824104000000002 12.713928C14.563632 12.926328 14.545800000000002 12.936 14.41464 12.936L14.292408000000002 12.936 12.69156 11.334C11.605080000000001 10.246728000000001 11.085576 9.710735999999999 11.074704 9.665832C11.0454 9.544608 11.084208 9.444792000000001 11.222472 9.285768C11.399088 9.082632 11.534472000000001 8.851728 11.611248000000002 8.622672000000001C11.66796 8.453448 11.673792 8.401224 11.673744000000001 8.064C11.673696 7.7245680000000005 11.66808 7.6752 11.609472 7.5C11.480184000000001 7.113552 11.462376 7.092504000000001 10.188936 5.819064C9.070464 4.7005680000000005 9.00228 4.637087999999999 8.81652 4.5407280000000005C8.538 4.396248 8.306256 4.341888 7.968 4.341624C7.524816 4.341312 7.194072 4.448424 6.86256 4.699632C6.636816 4.870704 5.989824 5.547791999999999 5.801664 5.809872C5.517792 6.205272 5.25336 6.7949280000000005 5.151312 7.26C5.0562000000000005 7.693512 5.030712 8.257824000000001 5.087856 8.664744C5.185848 9.362472 5.4096 9.894672 5.91 10.620000000000001C7.258368000000001 12.574488 8.922816 14.439336 10.741536 16.033224C11.81952 16.977936 13.400256000000002 18.163032 14.016 18.488112C14.798160000000001 18.901032 15.669696 19.044816 16.524 18.901848C16.6296 18.884184 16.718928 18.872256 16.722504 18.875376000000003C16.742736 18.89292 16.803024 19.3206 16.815839999999998 19.537464C16.876176 20.55852 16.310064 21.415128000000003 15.241895999999999 21.918984000000002C13.98636 22.511208 11.919144 22.676472 10.08 22.331664C9.137304 22.154927999999998 8.1522 21.824736 7.310112000000001 21.403272C4.647624 20.070648000000002 2.672304 17.669544000000002 1.88436 14.808C1.504536 13.428624 1.4091120000000001 11.935944000000001 1.610472 10.524000000000001C1.8918959999999998 8.5506 2.752224 6.659616 4.050912 5.16C4.338456 4.827984 4.969272 4.20516 5.269488 3.9568800000000004C6.495840000000001 2.942736 7.878792000000001 2.2360320000000002 9.396 1.848216C11.807208 1.231872 14.305895999999999 1.481808 16.572096000000002 2.566056C18.378072000000003 3.430128 19.969368 4.886424 21.006168 6.6240000000000006C21.764112 7.894248000000001 22.249104000000003 9.324888 22.429944000000003 10.824C22.48236 11.25864 22.501992 12.352104 22.465560000000004 12.80892C22.313112 14.720784 21.675743999999998 16.49052 20.571047999999998 18.06936C20.274863999999997 18.492672000000002 20.246088 18.561336 20.260920000000002 18.809592C20.273952 19.027872 20.329944 19.15536 20.474376000000003 19.29552C20.727408 19.541088 21.125880000000002 19.581816 21.413208 19.391496C21.714264 19.192104 22.590528000000003 17.774376 22.992696 16.836000000000002C23.555136 15.523752 23.835552 14.394863999999998 23.979408000000003 12.864C24.01044 12.533688 24.029496 11.344007999999999 24.002664 11.411016C23.99112 11.439888 23.977680000000003 11.342592 23.96784 11.159016000000001C23.933184 10.511208 23.780664 9.597288 23.589503999999998 8.892C22.7754 5.8882319999999995 20.86248 3.350952 18.192 1.732776C17.470008 1.29528 16.543104000000003 0.8715120000000001 15.72 0.6025440000000001C14.348040000000001 0.154272 12.745704000000002 -0.056184000000000005 11.328 0.025752M7.836 5.86596C7.737144 5.91 7.112184 6.552912 6.985224 6.741143999999999C6.463632 7.514520000000001 6.41844 8.532984 6.8700719999999995 9.336C7.13112 9.800112 8.165952 11.174952 8.902368000000001 12.036C9.784104 13.066920000000001 10.92576 14.208696 11.964 15.097895999999999C12.897408000000002 15.897336000000001 14.332872 16.968384 14.759544 17.183784C15.579096000000002 17.597472 16.596504 17.516184 17.328 16.97856C17.516832 16.839768000000003 18.087264 16.28556 18.13428 16.1952C18.178128 16.110912 18.17712 15.998448 18.131616 15.902568C18.083280000000002 15.800712000000003 16.159104000000003 13.882272 16.07244 13.849535999999999C15.919800000000002 13.791863999999999 15.819432 13.831464 15.576384 14.045256000000002C15.432576000000001 14.171784 15.204408 14.296824 14.980008000000002 14.372088C14.813880000000001 14.427816 14.759856000000001 14.433792 14.424 14.433792C14.086872 14.433792 14.034504 14.427936 13.865328 14.371248000000001C13.459824000000001 14.235336 13.47648 14.249903999999999 11.66808 12.446928C10.752912 11.53452 9.95772 10.7232 9.900936 10.644C9.548664 10.15248 9.46524 9.55212 9.667656000000001 8.964888C9.736872 8.76408 9.873456000000001 8.54088 10.06896 8.309112C10.16328 8.197296 10.176 8.168472 10.176 8.066712C10.176 7.97688 10.160568000000001 7.930392 10.106568000000001 7.8576C9.993576000000001 7.705296 8.178912 5.912568 8.0952 5.870544C8.002944000000001 5.824248 7.932408 5.823 7.836 5.86596M0.01044 12C0.01044 12.336599999999999 0.0138 12.474312000000001 0.017928 12.306000000000001C0.022056000000000003 12.137712 0.022056000000000003 11.862288 0.017928 11.694C0.0138 11.525712 0.01044 11.663400000000001 0.01044 12\" stroke=\"none\" fill=\"currentColor\" fill-rule=\"evenodd\"><\/path><\/svg>\t\t\t\t\t\t<\/span>\n\t\t\t\t\t\t\t\t\t\t<span class=\"elementor-icon-list-text\">04.13.93.06.18<\/span>\n\t\t\t\t\t\t\t\t\t<\/li>\n\t\t\t\t\t\t<\/ul>\n\t\t\t\t\t\t<\/div>\n\t\t\t\t<\/div>\n\t\t\t\t<\/div>\n\t\t\t\t<\/div>\n\t\t<div class=\"elementor-element elementor-element-6004941 e-con-full e-flex e-con e-child\" data-id=\"6004941\" data-element_type=\"container\">\n\t\t\t\t<div class=\"elementor-element elementor-element-ec3096c animated-fast elementor-button-align-stretch elementor-invisible elementor-widget elementor-widget-houzez_elementor_inquiry_form\" data-id=\"ec3096c\" data-element_type=\"widget\" data-settings=\"{&quot;_animation&quot;:&quot;fadeInUp&quot;,&quot;_animation_delay&quot;:400}\" data-widget_type=\"houzez_elementor_inquiry_form.default\">\n\t\t\t\t<div class=\"elementor-widget-container\">\n\t\t\t\t\t\n        <script type=\"application\/javascript\">\n            jQuery(document).bind(\"ready\", function () {\n                houzezValidateElementor(\"#houzez-form-ec3096c\" );\n            });\n        <\/script>\n\n\n        <form class=\"elementor-form houzez-ele-form-js\" id=\"houzez-form-ec3096c\" method=\"post\" name=\"New Form\" action=\"https:\/\/prestige-et-immobilier.com\/wp-admin\/admin-ajax.php\">\n            <input type=\"hidden\" name=\"form_id\" value=\"ec3096c\"\/>\n            <input type=\"hidden\" name=\"action\" value=\"houzez_ele_inquiry_form\" \/>\n            <input type=\"hidden\" name=\"source_link\" value=\"https:\/\/prestige-et-immobilier.com\/fr\/contact\/\" \/>\n            <input type=\"hidden\" name=\"lead_page_id\" value=\"16941\" \/>\n            <input type=\"hidden\" name=\"is_estimation\" value=\"yes\" \/>\n            <input type=\"hidden\" name=\"webhook\" value=\"false\" \/>\n            <input type=\"hidden\" name=\"webhook_url\" value=\"\" \/>\n            <input type=\"hidden\" name=\"redirect_to\" value=\"\" \/>\n            <input type=\"hidden\" name=\"google_recaptcha\" value=\"yes\" \/>\n\n            <div class=\"elementor-form-fields-wrapper elementor-labels-above\">\n\n                                    <div class=\"elementor-field-group elementor-column form-group elementor-field-group-ba6c34c elementor-col-100 elementor-field-required\">\n                    <label for=\"form-field-ba6c34c\" class=\"elementor-field-label\">Inquiry Type<\/label>        <div class=\"elementor-field elementor-select-wrapper\">\n            <select name=\"enquiry_type\" id=\"form-field-ba6c34c\" class=\"elementor-field-textual form-control elementor-size-md\" required=\"required\" title=\"* Inquiry Type\">\n                <option value=\"\">Select<\/option><option value=\"Purchase\">Purchase<\/value><option value=\"Rent\"> Rent<\/value><option value=\"Sell\"> Sell<\/value><option value=\"Miss\"> Miss<\/value><option value=\"Evaluation\"> Evaluation<\/value><option value=\"Mortgage\"> Mortgage<\/value>            <\/select>\n        <\/div>\n                            <\/div>\n\n                                        <div class=\"elementor-field-group elementor-column form-group elementor-field-group-cc6b92f elementor-col-50 elementor-field-required\">\n                    <input type=\"text\" name=\"first_name\" id=\"form-field-cc6b92f\" class=\"elementor-field form-control elementor-size-md elementor-field-textual\" placeholder=\"First Name\" title=\"* First Name\" required=\"required\">                    <\/div>\n\n                                        <div class=\"elementor-field-group elementor-column form-group elementor-field-group-3cc124e elementor-col-50\">\n                    <input type=\"text\" name=\"last_name\" id=\"form-field-3cc124e\" class=\"elementor-field form-control elementor-size-md elementor-field-textual\" placeholder=\"Last Name\" title=\"* Last Name\">                    <\/div>\n\n                                        <div class=\"elementor-field-group elementor-column form-group elementor-field-group-932d82c elementor-col-100 elementor-field-required\">\n                    <input type=\"email\" name=\"email\" id=\"form-field-932d82c\" class=\"elementor-field form-control elementor-size-md elementor-field-textual\" placeholder=\"Email Address\" title=\"* Email Address\" required=\"required\">                    <\/div>\n\n                    \n                    \n                                        <div class=\"houzez-gdpr-agreement elementor-field-group elementor-col-100\">\n                        <label for=\"gdpr_agreement\" class=\"elementor-field-label\">GDPR Agreement<\/label>\n                        <div class=\"gdpr-agreement-subgroup\">\n                            <span class=\"gdpr-field-option\">\n                                <label class=\"gdpr-text\" for=\"gdpr_agreement\">\n                                    <input required type=\"checkbox\" title=\"* GDPR Agreement\" name=\"gdpr_agreement\" id=\"gdpr_agreement\">  I consent to having this website store my submitted information                                <\/label>\n                            <\/span>\n                        <\/div>             \n                    <\/div>\n                    \n                                        <div class=\"\">\n                                            <\/div>\n                    \n                    <div class=\"elementor-field-group elementor-column elementor-field-type-submit elementor-col-100\">\n                    <button type=\"submit\" class=\"houzez-submit-button houzez-contact-form-js elementor-button elementor-size-md\">\n                        <i class=\"btn-loader houzez-loader-js\"><\/i>\n                                                    Submit                                            <\/button>\n                <\/div>\n            <\/div><!-- End wrapper-->\n            <br\/>\n            <div class=\"ele-form-messages\"><\/div>\n            <div class=\"error-container\"><\/div>\n\n        <\/form>\n\n    \t\t\t\t<\/div>\n\t\t\t\t<\/div>\n\t\t\t\t<\/div>\n\t\t\t\t<\/div>\n\t\t\t\t<\/div>\n\t\t\t\t<div class=\"elementor-element elementor-element-fcb54ae elementor-widget elementor-widget-spacer\" data-id=\"fcb54ae\" data-element_type=\"widget\" data-widget_type=\"spacer.default\">\n\t\t\t\t<div class=\"elementor-widget-container\">\n\t\t\t\t\t\t\t<div class=\"elementor-spacer\">\n\t\t\t<div class=\"elementor-spacer-inner\"><\/div>\n\t\t<\/div>\n\t\t\t\t\t\t<\/div>\n\t\t\t\t<\/div>\n\t\t\t\t\t<\/div>\n\t\t\t\t<\/div>\n\t\t\t\t<\/div>","protected":false},"excerpt":{"rendered":"<p>Group 3 Contact us Discover how our unparalleled luxury properties can elevate your lifestyle. Reach out to us for more information or to schedule a private viewing. Phone 04.13.93.06.18 Inquiry Type SelectPurchase Rent Sell Miss Evaluation Mortgage GDPR Agreement I consent to having this website store my submitted information Submit<\/p>","protected":false},"author":1,"featured_media":0,"parent":0,"menu_order":0,"comment_status":"closed","ping_status":"closed","template":"template\/template-homepage.php","meta":{"_monsterinsights_skip_tracking":false,"_monsterinsights_sitenote_active":false,"_monsterinsights_sitenote_note":"","_monsterinsights_sitenote_category":0,"footnotes":""},"class_list":["post-16941","page","type-page","status-publish","hentry"],"aioseo_notices":[],"_links":{"self":[{"href":"https:\/\/prestige-et-immobilier.com\/fr\/wp-json\/wp\/v2\/pages\/16941"}],"collection":[{"href":"https:\/\/prestige-et-immobilier.com\/fr\/wp-json\/wp\/v2\/pages"}],"about":[{"href":"https:\/\/prestige-et-immobilier.com\/fr\/wp-json\/wp\/v2\/types\/page"}],"author":[{"embeddable":true,"href":"https:\/\/prestige-et-immobilier.com\/fr\/wp-json\/wp\/v2\/users\/1"}],"replies":[{"embeddable":true,"href":"https:\/\/prestige-et-immobilier.com\/fr\/wp-json\/wp\/v2\/comments?post=16941"}],"version-history":[{"count":3,"href":"https:\/\/prestige-et-immobilier.com\/fr\/wp-json\/wp\/v2\/pages\/16941\/revisions"}],"predecessor-version":[{"id":19815,"href":"https:\/\/prestige-et-immobilier.com\/fr\/wp-json\/wp\/v2\/pages\/16941\/revisions\/19815"}],"wp:attachment":[{"href":"https:\/\/prestige-et-immobilier.com\/fr\/wp-json\/wp\/v2\/media?parent=16941"}],"curies":[{"name":"wp","href":"https:\/\/api.w.org\/{rel}","templated":true}]}}